{"id":37,"date":"2025-06-18T19:36:45","date_gmt":"2025-06-18T19:36:45","guid":{"rendered":"https:\/\/zaraval.com\/?page_id=37"},"modified":"2025-08-12T17:50:54","modified_gmt":"2025-08-12T17:50:54","slug":"servicios","status":"publish","type":"page","link":"https:\/\/zaraval.com\/es\/servicios\/","title":{"rendered":"Servicios"},"content":{"rendered":"\t\t<div data-elementor-type=\"wp-page\" data-elementor-id=\"37\" class=\"elementor elementor-37\" data-elementor-post-type=\"page\">\n\t\t\t\t\t\t<section class=\"elementor-section elementor-top-section elementor-element elementor-element-2766dfb2 elementor-section-boxed elementor-section-height-default elementor-section-height-default e-parent\" data-id=\"2766dfb2\" data-element_type=\"section\" data-settings=\"{&quot;background_background&quot;:&quot;classic&quot;}\">\n\t\t\t\t\t\t\t<div class=\"elementor-background-overlay\"><\/div>\n\t\t\t\t\t\t\t<div class=\"elementor-container elementor-column-gap-default\">\n\t\t\t\t\t<div class=\"elementor-column elementor-col-100 elementor-top-column elementor-element elementor-element-66de1475 lakit-col-width-auto-no\" data-id=\"66de1475\" data-element_type=\"column\">\n\t\t\t<div class=\"elementor-widget-wrap elementor-element-populated\">\n\t\t\t\t\t\t<div class=\"elementor-element elementor-element-6fe869dd elementor-widget elementor-widget-heading\" data-id=\"6fe869dd\" data-element_type=\"widget\" data-widget_type=\"heading.default\">\n\t\t\t\t<div class=\"elementor-widget-container\">\n\t\t\t\t\t<h1 class=\"elementor-heading-title elementor-size-default\">\u00bfQu\u00e9 Hacemos?\n<\/h1>\t\t\t\t<\/div>\n\t\t\t\t<\/div>\n\t\t\t\t\t<\/div>\n\t\t<\/div>\n\t\t\t\t\t<\/div>\n\t\t<\/section>\n\t\t\t\t<section class=\"elementor-section elementor-top-section elementor-element elementor-element-6accaa9f elementor-section-boxed elementor-section-height-default elementor-section-height-default e-parent\" data-id=\"6accaa9f\" data-element_type=\"section\">\n\t\t\t\t\t\t<div class=\"elementor-container elementor-column-gap-default\">\n\t\t\t\t\t<div class=\"elementor-column elementor-col-50 elementor-top-column elementor-element elementor-element-6ff224fb lakit-col-width-auto-no\" data-id=\"6ff224fb\" data-element_type=\"column\">\n\t\t\t<div class=\"elementor-widget-wrap elementor-element-populated\">\n\t\t\t\t\t\t<div class=\"elementor-element elementor-element-38b78c67 elementor-widget elementor-widget-heading\" data-id=\"38b78c67\" data-element_type=\"widget\" data-widget_type=\"heading.default\">\n\t\t\t\t<div class=\"elementor-widget-container\">\n\t\t\t\t\t<h2 class=\"elementor-heading-title elementor-size-default\">consultor\u00eda especializada<\/h2>\t\t\t\t<\/div>\n\t\t\t\t<\/div>\n\t\t\t\t<div class=\"elementor-element elementor-element-79c5fa3 elementor-widget elementor-widget-text-editor\" data-id=\"79c5fa3\" data-element_type=\"widget\" data-widget_type=\"text-editor.default\">\n\t\t\t\t<div class=\"elementor-widget-container\">\n\t\t\t\t\t\t\t\t\t<p>En estructuraci\u00f3n e implementaci\u00f3n t\u00e9cnica, legal y financiera de proyectos de transporte y energ\u00eda.<\/p>\t\t\t\t\t\t\t\t<\/div>\n\t\t\t\t<\/div>\n\t\t\t\t<div class=\"elementor-element elementor-element-ea5a578 elementor-widget elementor-widget-heading\" data-id=\"ea5a578\" data-element_type=\"widget\" data-widget_type=\"heading.default\">\n\t\t\t\t<div class=\"elementor-widget-container\">\n\t\t\t\t\t<h2 class=\"elementor-heading-title elementor-size-default\">T\u00e9cnico<\/h2>\t\t\t\t<\/div>\n\t\t\t\t<\/div>\n\t\t\t\t<div class=\"elementor-element elementor-element-15fba23b elementor-icon-list--layout-traditional elementor-list-item-link-full_width elementor-widget elementor-widget-icon-list\" data-id=\"15fba23b\" data-element_type=\"widget\" data-widget_type=\"icon-list.default\">\n\t\t\t\t<div class=\"elementor-widget-container\">\n\t\t\t\t\t\t\t<ul class=\"elementor-icon-list-items\">\n\t\t\t\t\t\t\t<li class=\"elementor-icon-list-item\">\n\t\t\t\t\t\t\t\t\t\t\t<span class=\"elementor-icon-list-icon\">\n\t\t\t\t\t\t\t<i aria-hidden=\"true\" class=\"splicon icon-check\"><\/i>\t\t\t\t\t\t<\/span>\n\t\t\t\t\t\t\t\t\t\t<span class=\"elementor-icon-list-text\">Planificaci\u00f3n urbana orientada al transporte<\/span>\n\t\t\t\t\t\t\t\t\t<\/li>\n\t\t\t\t\t\t\t\t<li class=\"elementor-icon-list-item\">\n\t\t\t\t\t\t\t\t\t\t\t<span class=\"elementor-icon-list-icon\">\n\t\t\t\t\t\t\t<i aria-hidden=\"true\" class=\"splicon icon-check\"><\/i>\t\t\t\t\t\t<\/span>\n\t\t\t\t\t\t\t\t\t\t<span class=\"elementor-icon-list-text\">Planificaci\u00f3n, implementaci\u00f3n y evaluaci\u00f3n t\u00e9cnica de sistemas de transporte<\/span>\n\t\t\t\t\t\t\t\t\t<\/li>\n\t\t\t\t\t\t<\/ul>\n\t\t\t\t\t\t<\/div>\n\t\t\t\t<\/div>\n\t\t\t\t<div class=\"elementor-element elementor-element-50f3442 elementor-widget elementor-widget-heading\" data-id=\"50f3442\" data-element_type=\"widget\" data-widget_type=\"heading.default\">\n\t\t\t\t<div class=\"elementor-widget-container\">\n\t\t\t\t\t<h2 class=\"elementor-heading-title elementor-size-default\">Financiero<\/h2>\t\t\t\t<\/div>\n\t\t\t\t<\/div>\n\t\t\t\t<div class=\"elementor-element elementor-element-782e01a elementor-icon-list--layout-traditional elementor-list-item-link-full_width elementor-widget elementor-widget-icon-list\" data-id=\"782e01a\" data-element_type=\"widget\" data-widget_type=\"icon-list.default\">\n\t\t\t\t<div class=\"elementor-widget-container\">\n\t\t\t\t\t\t\t<ul class=\"elementor-icon-list-items\">\n\t\t\t\t\t\t\t<li class=\"elementor-icon-list-item\">\n\t\t\t\t\t\t\t\t\t\t\t<span class=\"elementor-icon-list-icon\">\n\t\t\t\t\t\t\t<i aria-hidden=\"true\" class=\"splicon icon-check\"><\/i>\t\t\t\t\t\t<\/span>\n\t\t\t\t\t\t\t\t\t\t<span class=\"elementor-icon-list-text\">Formulaci\u00f3n de costos total de propiedad (TCO) y modelos financieros<\/span>\n\t\t\t\t\t\t\t\t\t<\/li>\n\t\t\t\t\t\t\t\t<li class=\"elementor-icon-list-item\">\n\t\t\t\t\t\t\t\t\t\t\t<span class=\"elementor-icon-list-icon\">\n\t\t\t\t\t\t\t<i aria-hidden=\"true\" class=\"splicon icon-check\"><\/i>\t\t\t\t\t\t<\/span>\n\t\t\t\t\t\t\t\t\t\t<span class=\"elementor-icon-list-text\">Identificaci\u00f3n y estructuraci\u00f3n de fuentes de financiamiento<\/span>\n\t\t\t\t\t\t\t\t\t<\/li>\n\t\t\t\t\t\t\t\t<li class=\"elementor-icon-list-item\">\n\t\t\t\t\t\t\t\t\t\t\t<span class=\"elementor-icon-list-icon\">\n\t\t\t\t\t\t\t<i aria-hidden=\"true\" class=\"splicon icon-check\"><\/i>\t\t\t\t\t\t<\/span>\n\t\t\t\t\t\t\t\t\t\t<span class=\"elementor-icon-list-text\">An\u00e1lisis de riesgos<\/span>\n\t\t\t\t\t\t\t\t\t<\/li>\n\t\t\t\t\t\t<\/ul>\n\t\t\t\t\t\t<\/div>\n\t\t\t\t<\/div>\n\t\t\t\t<div class=\"elementor-element elementor-element-54d6848 elementor-widget elementor-widget-heading\" data-id=\"54d6848\" data-element_type=\"widget\" data-widget_type=\"heading.default\">\n\t\t\t\t<div class=\"elementor-widget-container\">\n\t\t\t\t\t<h2 class=\"elementor-heading-title elementor-size-default\">Legal e Institucional<\/h2>\t\t\t\t<\/div>\n\t\t\t\t<\/div>\n\t\t\t\t<div class=\"elementor-element elementor-element-cd05832 elementor-icon-list--layout-traditional elementor-list-item-link-full_width elementor-widget elementor-widget-icon-list\" data-id=\"cd05832\" data-element_type=\"widget\" data-widget_type=\"icon-list.default\">\n\t\t\t\t<div class=\"elementor-widget-container\">\n\t\t\t\t\t\t\t<ul class=\"elementor-icon-list-items\">\n\t\t\t\t\t\t\t<li class=\"elementor-icon-list-item\">\n\t\t\t\t\t\t\t\t\t\t\t<span class=\"elementor-icon-list-icon\">\n\t\t\t\t\t\t\t<i aria-hidden=\"true\" class=\"splicon icon-check\"><\/i>\t\t\t\t\t\t<\/span>\n\t\t\t\t\t\t\t\t\t\t<span class=\"elementor-icon-list-text\">Estudios normativos y contractuales<\/span>\n\t\t\t\t\t\t\t\t\t<\/li>\n\t\t\t\t\t\t\t\t<li class=\"elementor-icon-list-item\">\n\t\t\t\t\t\t\t\t\t\t\t<span class=\"elementor-icon-list-icon\">\n\t\t\t\t\t\t\t<i aria-hidden=\"true\" class=\"splicon icon-check\"><\/i>\t\t\t\t\t\t<\/span>\n\t\t\t\t\t\t\t\t\t\t<span class=\"elementor-icon-list-text\">Dise\u00f1o organizacional<\/span>\n\t\t\t\t\t\t\t\t\t<\/li>\n\t\t\t\t\t\t\t\t<li class=\"elementor-icon-list-item\">\n\t\t\t\t\t\t\t\t\t\t\t<span class=\"elementor-icon-list-icon\">\n\t\t\t\t\t\t\t<i aria-hidden=\"true\" class=\"splicon icon-check\"><\/i>\t\t\t\t\t\t<\/span>\n\t\t\t\t\t\t\t\t\t\t<span class=\"elementor-icon-list-text\">Desarrollo de programas de capacitaci\u00f3n<\/span>\n\t\t\t\t\t\t\t\t\t<\/li>\n\t\t\t\t\t\t\t\t<li class=\"elementor-icon-list-item\">\n\t\t\t\t\t\t\t\t\t\t\t<span class=\"elementor-icon-list-icon\">\n\t\t\t\t\t\t\t<i aria-hidden=\"true\" class=\"splicon icon-check\"><\/i>\t\t\t\t\t\t<\/span>\n\t\t\t\t\t\t\t\t\t\t<span class=\"elementor-icon-list-text\">Formulaci\u00f3n de estrategias de comunicaci\u00f3n<\/span>\n\t\t\t\t\t\t\t\t\t<\/li>\n\t\t\t\t\t\t<\/ul>\n\t\t\t\t\t\t<\/div>\n\t\t\t\t<\/div>\n\t\t\t\t\t<\/div>\n\t\t<\/div>\n\t\t\t\t<div class=\"elementor-column elementor-col-50 elementor-top-column elementor-element elementor-element-318b3cef lakit-col-width-auto-no\" data-id=\"318b3cef\" data-element_type=\"column\">\n\t\t\t<div class=\"elementor-widget-wrap elementor-element-populated\">\n\t\t\t\t\t\t<div class=\"elementor-element elementor-element-5545fb7c elementor-widget__width-auto elementor-widget-mobile__width-inherit elementor-widget elementor-widget-image\" data-id=\"5545fb7c\" data-element_type=\"widget\" data-widget_type=\"image.default\">\n\t\t\t\t<div class=\"elementor-widget-container\">\n\t\t\t\t\t\t\t\t\t\t\t\t\t\t\t<img decoding=\"async\" src=\"https:\/\/zaraval.com\/wp-content\/uploads\/elementor\/thumbs\/servicios1-r8tb5it8aonesenc78s7u7c89uk7w12jx4k8fwg980.webp\" title=\"servicios1\" alt=\"servicios1\" loading=\"lazy\" \/>\t\t\t\t\t\t\t\t\t\t\t\t\t\t\t<\/div>\n\t\t\t\t<\/div>\n\t\t\t\t<div class=\"elementor-element elementor-element-1b835864 elementor-widget__width-auto elementor-widget-mobile__width-inherit elementor-widget elementor-widget-image\" data-id=\"1b835864\" data-element_type=\"widget\" data-widget_type=\"image.default\">\n\t\t\t\t<div class=\"elementor-widget-container\">\n\t\t\t\t\t\t\t\t\t\t\t\t\t\t\t<img decoding=\"async\" src=\"https:\/\/zaraval.com\/wp-content\/uploads\/elementor\/thumbs\/servicios4-r8tb5mkl20sr8nkdlwy33nxks8i5ovoe6d3f2jkx72.webp\" title=\"servicios4\" alt=\"servicios4\" loading=\"lazy\" \/>\t\t\t\t\t\t\t\t\t\t\t\t\t\t\t<\/div>\n\t\t\t\t<\/div>\n\t\t\t\t<div class=\"elementor-element elementor-element-5afce261 elementor-widget__width-auto elementor-widget-mobile__width-inherit elementor-widget elementor-widget-image\" data-id=\"5afce261\" data-element_type=\"widget\" data-widget_type=\"image.default\">\n\t\t\t\t<div class=\"elementor-widget-container\">\n\t\t\t\t\t\t\t\t\t\t\t\t\t\t\t<img decoding=\"async\" src=\"https:\/\/zaraval.com\/wp-content\/uploads\/elementor\/thumbs\/servicios3-r8tb5kowocpvyemh9c0r4kz1snyu781ijw4ruunx8m.webp\" title=\"servicios3\" alt=\"servicios3\" loading=\"lazy\" \/>\t\t\t\t\t\t\t\t\t\t\t\t\t\t\t<\/div>\n\t\t\t\t<\/div>\n\t\t\t\t<div class=\"elementor-element elementor-element-b034f5d elementor-widget__width-auto elementor-widget-mobile__width-inherit elementor-widget elementor-widget-image\" data-id=\"b034f5d\" data-element_type=\"widget\" data-widget_type=\"image.default\">\n\t\t\t\t<div class=\"elementor-widget-container\">\n\t\t\t\t\t\t\t\t\t\t\t\t\t\t\t<img decoding=\"async\" src=\"https:\/\/zaraval.com\/wp-content\/uploads\/elementor\/thumbs\/servicios2-r8tb5jr2hior5ocehd239eoowma08bdeilri4h2cyc.webp\" title=\"servicios2\" alt=\"servicios2\" loading=\"lazy\" \/>\t\t\t\t\t\t\t\t\t\t\t\t\t\t\t<\/div>\n\t\t\t\t<\/div>\n\t\t\t\t\t<\/div>\n\t\t<\/div>\n\t\t\t\t\t<\/div>\n\t\t<\/section>\n\t\t<div class=\"elementor-element elementor-element-dd6ef7b e-flex e-con-boxed lakit-col-width-auto-no e-container e-root-container elementor-top-section e-con e-parent\" data-id=\"dd6ef7b\" data-element_type=\"container\">\n\t\t\t\t\t<div class=\"e-con-inner\">\n\t\t\t\t<div class=\"elementor-element elementor-element-f70a251 elementor-widget elementor-widget-heading\" data-id=\"f70a251\" data-element_type=\"widget\" data-widget_type=\"heading.default\">\n\t\t\t\t<div class=\"elementor-widget-container\">\n\t\t\t\t\t<h2 class=\"elementor-heading-title elementor-size-default\">Nuestros proyectos<\/h2>\t\t\t\t<\/div>\n\t\t\t\t<\/div>\n\t\t\t\t\t<\/div>\n\t\t\t\t<\/div>\n\t\t<div class=\"elementor-element elementor-element-655b6a5 e-flex e-con-boxed lakit-col-width-auto-no e-container e-root-container elementor-top-section e-con e-parent\" data-id=\"655b6a5\" data-element_type=\"container\">\n\t\t\t\t\t<div class=\"e-con-inner\">\n\t\t\t\t<div class=\"elementor-element elementor-element-c4cc455 elementor-widget elementor-widget-lakit-hotspots\" data-id=\"c4cc455\" data-element_type=\"widget\" data-settings=\"{&quot;hotspot_sequenced_animation&quot;:&quot;no&quot;,&quot;tooltip_position&quot;:&quot;top&quot;,&quot;tooltip_trigger&quot;:&quot;click&quot;,&quot;tooltip_animation&quot;:&quot;lakit-hotspot--fade-in-out&quot;}\" data-widget_type=\"lakit-hotspots.default\">\n\t\t\t\t<div class=\"elementor-widget-container\">\n\t\t\t\t\t<img fetchpriority=\"high\" decoding=\"async\" width=\"1386\" height=\"812\" src=\"https:\/\/zaraval.com\/wp-content\/uploads\/2025\/08\/mapazaraval-nuevo.png\" class=\"attachment-full size-full wp-image-700\" alt=\"\" \/>            <div class=\"lakit-hotspot elementor-repeater-item-42407d5  lakit-hotspot--position-left lakit-hotspot--position-top   hotspot-content-type-default box-tpl-layout02 lakit-hotspot--circle\" data-id=\"42407d5\">\n            <div class=\"lakit-hotspot__button lakit-hotspot--expand\">\n                  <div class=\"lakit-hotspot__outer-circle\"><\/div>\n          <div class=\"lakit-hotspot__inner-circle\"><\/div>\n              <\/div>\n                        <div data-id=\"42407d5\" class=\"lakit-hotspot__tooltip  lakit-hotspot--tooltip-position lakit-hotspot--fade-in-out \" >\n        <div class=\"lakit-hotspot__product\"><div class=\"lakit-hotspot__product_info\"><div class=\"product_item--title\">Colombia<\/div><div class=\"product_item--price\">&lt;ul&gt;&lt;li&gt;Estructuraci\u00f3n e implementaci\u00f3n de e-buses (TRANSMILENIO S.A.)&lt;\/li&gt;&lt;li&gt;Financiamiento para transporte p\u00fablico (Secretar\u00eda Distrital de Hacienda)&lt;\/li&gt;&lt;li&gt;Revisi\u00f3n de la estructuraci\u00f3n del SITP de Manizales (IFC)&lt;\/li&gt;&lt;li&gt;Recomendaciones para acelerar la implementaci\u00f3n de e-buses (C40)&lt;\/li&gt;&lt;li&gt;Revisi\u00f3n de la cofinanciaci\u00f3n del gobierno nacional (C40)&lt;\/li&gt;&lt;li&gt;Estandarizaci\u00f3n de conectores para e-buses (Ricardo Energy)&lt;\/li&gt;&lt;\/ul&gt;<\/div><\/div><\/div>      <\/div>\n                <\/div>\n                <div class=\"lakit-hotspot elementor-repeater-item-a0eecd6  lakit-hotspot--position-left lakit-hotspot--position-top   hotspot-content-type-default box-tpl-layout02 lakit-hotspot--circle\" data-id=\"a0eecd6\">\n            <div class=\"lakit-hotspot__button lakit-hotspot--expand\">\n                  <div class=\"lakit-hotspot__outer-circle\"><\/div>\n          <div class=\"lakit-hotspot__inner-circle\"><\/div>\n              <\/div>\n                        <div data-id=\"a0eecd6\" class=\"lakit-hotspot__tooltip  lakit-hotspot--tooltip-position lakit-hotspot--fade-in-out \" >\n        <div class=\"lakit-hotspot__product\"><div class=\"lakit-hotspot__product_info\"><div class=\"product_item--title\">Costa Rica<\/div><div class=\"product_item--price\">&lt;ul&gt;&lt;li&gt;Estructuraci\u00f3n para la implementaci\u00f3n de e-buses (BID)&lt;\/li&gt;&lt;\/ul&gt;<\/div><\/div><\/div>      <\/div>\n                <\/div>\n                <div class=\"lakit-hotspot elementor-repeater-item-ace4af0  lakit-hotspot--position-left lakit-hotspot--position-top   hotspot-content-type-default box-tpl-layout02 lakit-hotspot--circle\" data-id=\"ace4af0\">\n            <div class=\"lakit-hotspot__button lakit-hotspot--expand\">\n                  <div class=\"lakit-hotspot__outer-circle\"><\/div>\n          <div class=\"lakit-hotspot__inner-circle\"><\/div>\n              <\/div>\n                        <div data-id=\"ace4af0\" class=\"lakit-hotspot__tooltip  lakit-hotspot--tooltip-position lakit-hotspot--fade-in-out \" >\n        <div class=\"lakit-hotspot__product\"><div class=\"lakit-hotspot__product_info\"><div class=\"product_item--title\">Rep\u00fablica Dominicana<\/div><div class=\"product_item--price\">&lt;ul&gt;&lt;li&gt;Capacitaciones para autoridades de transporte (Intrant)&lt;\/li&gt;&lt;li&gt;Propuesta para implementar e-buses&lt;\/li&gt;&lt;li&gt;Propuesta para implementar camiones el\u00e9ctricos&lt;\/li&gt;&lt;\/ul&gt;<\/div><\/div><\/div>      <\/div>\n                <\/div>\n                <div class=\"lakit-hotspot elementor-repeater-item-17d9d15  lakit-hotspot--position-left lakit-hotspot--position-top   hotspot-content-type-default box-tpl-layout02 lakit-hotspot--circle\" data-id=\"17d9d15\">\n            <div class=\"lakit-hotspot__button lakit-hotspot--expand\">\n                  <div class=\"lakit-hotspot__outer-circle\"><\/div>\n          <div class=\"lakit-hotspot__inner-circle\"><\/div>\n              <\/div>\n                        <div data-id=\"17d9d15\" class=\"lakit-hotspot__tooltip  lakit-hotspot--tooltip-position lakit-hotspot--fade-in-out \" >\n        <div class=\"lakit-hotspot__product\"><div class=\"lakit-hotspot__product_info\"><div class=\"product_item--title\">Paraguay<\/div><div class=\"product_item--price\">&lt;ul&gt;&lt;li&gt;Reforma legislativa al transporte p\u00fablico (BID)&lt;\/li&gt;&lt;li&gt;Regulaci\u00f3n de incentivos a la electromovilidad (BID)&lt;\/li&gt;&lt;li&gt;Contribuci\u00f3n a procesos de selecci\u00f3n para implementar e-buses (BID)&lt;\/li&gt;&lt;\/ul&gt;<\/div><\/div><\/div>      <\/div>\n                <\/div>\n                <div class=\"lakit-hotspot elementor-repeater-item-3db5a14  lakit-hotspot--position-left lakit-hotspot--position-top   hotspot-content-type-default box-tpl-layout02 lakit-hotspot--circle\" data-id=\"3db5a14\">\n            <div class=\"lakit-hotspot__button lakit-hotspot--expand\">\n                  <div class=\"lakit-hotspot__outer-circle\"><\/div>\n          <div class=\"lakit-hotspot__inner-circle\"><\/div>\n              <\/div>\n                        <div data-id=\"3db5a14\" class=\"lakit-hotspot__tooltip  lakit-hotspot--tooltip-position lakit-hotspot--fade-in-out \" >\n        <div class=\"lakit-hotspot__product\"><div class=\"lakit-hotspot__product_info\"><div class=\"product_item--title\">Londres<\/div><div class=\"product_item--price\">&lt;ul&gt;&lt;li&gt;Editora del International Development Review&lt;\/li&gt;&lt;\/ul&gt;<\/div><\/div><\/div>      <\/div>\n                <\/div>\n                <div class=\"lakit-hotspot elementor-repeater-item-10d99c7  lakit-hotspot--position-left lakit-hotspot--position-top   hotspot-content-type-default box-tpl-layout02 lakit-hotspot--circle\" data-id=\"10d99c7\">\n            <div class=\"lakit-hotspot__button lakit-hotspot--expand\">\n                  <div class=\"lakit-hotspot__outer-circle\"><\/div>\n          <div class=\"lakit-hotspot__inner-circle\"><\/div>\n              <\/div>\n                        <div data-id=\"10d99c7\" class=\"lakit-hotspot__tooltip  lakit-hotspot--tooltip-position lakit-hotspot--fade-in-out \" >\n        <div class=\"lakit-hotspot__product\"><div class=\"lakit-hotspot__product_info\"><div class=\"product_item--title\">Kenia<\/div><div class=\"product_item--price\">&lt;ul&gt;&lt;li&gt;Capacitaciones para autoridades de transporte (NaMATA)&lt;\/li&gt;&lt;li&gt;Modelo de negocio para e-buses (NaMATA)&lt;\/li&gt;&lt;\/ul&gt;<\/div><\/div><\/div>      <\/div>\n                <\/div>\n                <div class=\"lakit-hotspot elementor-repeater-item-c9c347d  lakit-hotspot--position-left lakit-hotspot--position-top   hotspot-content-type-default box-tpl-layout02 lakit-hotspot--circle\" data-id=\"c9c347d\">\n            <div class=\"lakit-hotspot__button lakit-hotspot--expand\">\n                  <div class=\"lakit-hotspot__outer-circle\"><\/div>\n          <div class=\"lakit-hotspot__inner-circle\"><\/div>\n              <\/div>\n                        <div data-id=\"c9c347d\" class=\"lakit-hotspot__tooltip  lakit-hotspot--tooltip-position lakit-hotspot--fade-in-out \" >\n        <div class=\"lakit-hotspot__product\"><div class=\"lakit-hotspot__product_info\"><div class=\"product_item--title\">Rep\u00fablica Checa<\/div><div class=\"product_item--price\">&lt;ul&gt;&lt;li&gt;Intercambio de experiencias de movilidad sostenible.&lt;\/li&gt;&lt;\/ul&gt;<\/div><\/div><\/div>      <\/div>\n                <\/div>\n                <div class=\"lakit-hotspot elementor-repeater-item-124a347  lakit-hotspot--position-left lakit-hotspot--position-top   hotspot-content-type-default box-tpl-layout02 lakit-hotspot--circle\" data-id=\"124a347\">\n            <div class=\"lakit-hotspot__button lakit-hotspot--expand\">\n                  <div class=\"lakit-hotspot__outer-circle\"><\/div>\n          <div class=\"lakit-hotspot__inner-circle\"><\/div>\n              <\/div>\n                        <div data-id=\"124a347\" class=\"lakit-hotspot__tooltip  lakit-hotspot--tooltip-position lakit-hotspot--fade-in-out \" >\n        <div class=\"lakit-hotspot__product\"><div class=\"lakit-hotspot__product_info\"><div class=\"product_item--title\">El Salvador<\/div><div class=\"product_item--price\">&lt;p&gt;An\u00e1lisis Comparado para la implementaci\u00f3n de buses el\u00e9ctricos. (C40)&lt;\/p&gt;<\/div><\/div><\/div>      <\/div>\n                <\/div>\n        \t\t\t\t<\/div>\n\t\t\t\t<\/div>\n\t\t\t\t\t<\/div>\n\t\t\t\t<\/div>\n\t\t\t\t<\/div>\n\t\t","protected":false},"excerpt":{"rendered":"<p>\u00bfQu\u00e9 Hacemos? consultor\u00eda especializada En estructuraci\u00f3n e implementaci\u00f3n t\u00e9cnica, legal y financiera de proyectos de transporte y energ\u00eda. T\u00e9cnico Planificaci\u00f3n urbana orientada al transporte Planificaci\u00f3n, implementaci\u00f3n y evaluaci\u00f3n t\u00e9cnica de sistemas de transporte Financiero Formulaci\u00f3n de costos total de propiedad (TCO) y modelos financieros Identificaci\u00f3n y estructuraci\u00f3n de fuentes de financiamiento An\u00e1lisis de riesgos Legal [&hellip;]<\/p>\n","protected":false},"author":1,"featured_media":0,"parent":0,"menu_order":0,"comment_status":"closed","ping_status":"closed","template":"","meta":{"footnotes":""},"class_list":["post-37","page","type-page","status-publish","hentry"],"_links":{"self":[{"href":"https:\/\/zaraval.com\/es\/wp-json\/wp\/v2\/pages\/37","targetHints":{"allow":["GET"]}}],"collection":[{"href":"https:\/\/zaraval.com\/es\/wp-json\/wp\/v2\/pages"}],"about":[{"href":"https:\/\/zaraval.com\/es\/wp-json\/wp\/v2\/types\/page"}],"author":[{"embeddable":true,"href":"https:\/\/zaraval.com\/es\/wp-json\/wp\/v2\/users\/1"}],"replies":[{"embeddable":true,"href":"https:\/\/zaraval.com\/es\/wp-json\/wp\/v2\/comments?post=37"}],"version-history":[{"count":82,"href":"https:\/\/zaraval.com\/es\/wp-json\/wp\/v2\/pages\/37\/revisions"}],"predecessor-version":[{"id":706,"href":"https:\/\/zaraval.com\/es\/wp-json\/wp\/v2\/pages\/37\/revisions\/706"}],"wp:attachment":[{"href":"https:\/\/zaraval.com\/es\/wp-json\/wp\/v2\/media?parent=37"}],"curies":[{"name":"wp","href":"https:\/\/api.w.org\/{rel}","templated":true}]}}